{"id":386,"date":"2025-09-06T13:46:41","date_gmt":"2025-09-06T13:46:41","guid":{"rendered":"https:\/\/smarketsarl.com\/?post_type=product&#038;p=386"},"modified":"2026-01-02T21:14:52","modified_gmt":"2026-01-02T21:14:52","slug":"voyagez-sans-stess","status":"publish","type":"product","link":"https:\/\/smarketsarl.com\/index.php\/product\/voyagez-sans-stess\/","title":{"rendered":"Voyagez sans stress"},"content":{"rendered":"<h3>\u00c9l\u00e9gant et fonctionnel<\/h3>\n<ul>\n<li data-start=\"431\" data-end=\"527\">Design sobre et professionnel, id\u00e9al pour les voyageurs d\u2019affaires comme pour les aventuriers.<\/li>\n<li data-start=\"530\" data-end=\"591\">Fermeture s\u00e9curis\u00e9e pour prot\u00e9ger vos documents essentiels.<\/li>\n<li data-start=\"594\" data-end=\"629\">Mat\u00e9riaux r\u00e9sistants et durables.<\/li>\n<\/ul>\n<h3 data-start=\"631\" data-end=\"663\">Parfait pour vos voyages<\/h3>\n<p data-start=\"664\" data-end=\"832\">Avec ce portefeuille, vous avez vos <strong data-start=\"700\" data-end=\"723\">documents de voyage<\/strong> et vos <strong data-start=\"731\" data-end=\"745\">cartes SIM<\/strong> toujours \u00e0 port\u00e9e de main. Fini le stress \u00e0 l\u2019a\u00e9roport ou lors de vos d\u00e9placements !<\/p>\n","protected":false},"excerpt":{"rendered":"<p data-start=\"181\" data-end=\"199\">Tout-en-un : D\u00e9couvrez le <strong data-start=\"102\" data-end=\"140\">portefeuille de voyage intelligent<\/strong> qui allie <strong data-start=\"151\" data-end=\"176\">praticit\u00e9 et s\u00e9curit\u00e9<\/strong>.<\/p>\n<ul>\n<li>Un espace d\u00e9di\u00e9 pour votre <strong data-start=\"229\" data-end=\"242\">passeport<\/strong> (ici, le passeport du Cameroun).<\/li>\n<li>Des emplacements pour vos <strong data-start=\"306\" data-end=\"326\">cartes bancaires<\/strong>.<\/li>\n<li>Deux pochettes SIM pour rester connect\u00e9 partout dans le monde.<\/li>\n<\/ul>\n","protected":false},"featured_media":331,"comment_status":"open","ping_status":"closed","template":"","meta":[],"product_cat":[46],"product_tag":[],"class_list":{"0":"post-386","1":"product","2":"type-product","3":"status-publish","4":"has-post-thumbnail","6":"product_cat-voyage","8":"first","9":"instock","10":"shipping-taxable","11":"purchasable","12":"product-type-simple"},"_links":{"self":[{"href":"https:\/\/smarketsarl.com\/index.php\/wp-json\/wp\/v2\/product\/386","targetHints":{"allow":["GET"]}}],"collection":[{"href":"https:\/\/smarketsarl.com\/index.php\/wp-json\/wp\/v2\/product"}],"about":[{"href":"https:\/\/smarketsarl.com\/index.php\/wp-json\/wp\/v2\/types\/product"}],"replies":[{"embeddable":true,"href":"https:\/\/smarketsarl.com\/index.php\/wp-json\/wp\/v2\/comments?post=386"}],"version-history":[{"count":4,"href":"https:\/\/smarketsarl.com\/index.php\/wp-json\/wp\/v2\/product\/386\/revisions"}],"predecessor-version":[{"id":388,"href":"https:\/\/smarketsarl.com\/index.php\/wp-json\/wp\/v2\/product\/386\/revisions\/388"}],"wp:featuredmedia":[{"embeddable":true,"href":"https:\/\/smarketsarl.com\/index.php\/wp-json\/wp\/v2\/media\/331"}],"wp:attachment":[{"href":"https:\/\/smarketsarl.com\/index.php\/wp-json\/wp\/v2\/media?parent=386"}],"wp:term":[{"taxonomy":"product_cat","embeddable":true,"href":"https:\/\/smarketsarl.com\/index.php\/wp-json\/wp\/v2\/product_cat?post=386"},{"taxonomy":"product_tag","embeddable":true,"href":"https:\/\/smarketsarl.com\/index.php\/wp-json\/wp\/v2\/product_tag?post=386"}],"curies":[{"name":"wp","href":"https:\/\/api.w.org\/{rel}","templated":true}]}}