{"id":353,"date":"2025-08-31T19:13:32","date_gmt":"2025-08-31T19:13:32","guid":{"rendered":"https:\/\/smarketsarl.com\/?post_type=product&#038;p=353"},"modified":"2025-08-31T19:13:32","modified_gmt":"2025-08-31T19:13:32","slug":"culottes-menstruelles","status":"publish","type":"product","link":"https:\/\/smarketsarl.com\/index.php\/product\/culottes-menstruelles\/","title":{"rendered":"Culottes menstruelles"},"content":{"rendered":"<p>Finies les serviettes jetables inconfortables et co\u00fbteuses : avec FEMYNA, tu profites d\u2019une libert\u00e9 totale, d\u2019un confort exceptionnel et d\u2019une s\u00e9r\u00e9nit\u00e9 garantie pendant ton cycle<\/p>\n","protected":false},"excerpt":{"rendered":"<ul>\n<li>R\u00e9utilisable pendant 2 \u00e0 3 ans (lavage \u00e0 30\u00b0C)<\/li>\n<li>\u00c9cologique : z\u00e9ro d\u00e9chet, z\u00e9ro plastique<\/li>\n<li>\u00c9conomique : fini les achats mensuels de serviettes<\/li>\n<li>Ultra confortable : tissu doux, respirant et hypoallerg\u00e9nique<\/li>\n<li>Anti-fuite jusqu\u2019\u00e0 12 heures de tranquillit\u00e9<\/li>\n<li>Sans produits chimiques ni parfums<\/li>\n<\/ul>\n","protected":false},"featured_media":356,"comment_status":"open","ping_status":"closed","template":"","meta":[],"product_cat":[44],"product_tag":[],"class_list":{"0":"post-353","1":"product","2":"type-product","3":"status-publish","4":"has-post-thumbnail","6":"product_cat-culottes-menstruelles","8":"first","9":"instock","10":"shipping-taxable","11":"purchasable","12":"product-type-simple"},"_links":{"self":[{"href":"https:\/\/smarketsarl.com\/index.php\/wp-json\/wp\/v2\/product\/353","targetHints":{"allow":["GET"]}}],"collection":[{"href":"https:\/\/smarketsarl.com\/index.php\/wp-json\/wp\/v2\/product"}],"about":[{"href":"https:\/\/smarketsarl.com\/index.php\/wp-json\/wp\/v2\/types\/product"}],"replies":[{"embeddable":true,"href":"https:\/\/smarketsarl.com\/index.php\/wp-json\/wp\/v2\/comments?post=353"}],"version-history":[{"count":7,"href":"https:\/\/smarketsarl.com\/index.php\/wp-json\/wp\/v2\/product\/353\/revisions"}],"predecessor-version":[{"id":363,"href":"https:\/\/smarketsarl.com\/index.php\/wp-json\/wp\/v2\/product\/353\/revisions\/363"}],"wp:featuredmedia":[{"embeddable":true,"href":"https:\/\/smarketsarl.com\/index.php\/wp-json\/wp\/v2\/media\/356"}],"wp:attachment":[{"href":"https:\/\/smarketsarl.com\/index.php\/wp-json\/wp\/v2\/media?parent=353"}],"wp:term":[{"taxonomy":"product_cat","embeddable":true,"href":"https:\/\/smarketsarl.com\/index.php\/wp-json\/wp\/v2\/product_cat?post=353"},{"taxonomy":"product_tag","embeddable":true,"href":"https:\/\/smarketsarl.com\/index.php\/wp-json\/wp\/v2\/product_tag?post=353"}],"curies":[{"name":"wp","href":"https:\/\/api.w.org\/{rel}","templated":true}]}}